{"id":3031,"date":"2025-10-23T13:31:38","date_gmt":"2025-10-23T13:31:38","guid":{"rendered":"https:\/\/universan.es\/?page_id=3031"},"modified":"2025-10-23T14:32:08","modified_gmt":"2025-10-23T14:32:08","slug":"curiosidades","status":"publish","type":"page","link":"https:\/\/universan.es\/index.php\/curiosidades\/","title":{"rendered":"Curiosidades"},"content":{"rendered":"\t\t<div data-elementor-type=\"wp-page\" data-elementor-id=\"3031\" class=\"elementor elementor-3031\">\n\t\t\t\t\t\t\t\t\t<section class=\"elementor-section elementor-top-section elementor-element elementor-element-c9b1f3b elementor-section-boxed elementor-section-height-default elementor-section-height-default\" data-id=\"c9b1f3b\" data-element_type=\"section\">\n\t\t\t\t\t\t<div class=\"elementor-container elementor-column-gap-default\">\n\t\t\t\t\t<div class=\"elementor-column elementor-col-100 elementor-top-column elementor-element elementor-element-6271ef4\" data-id=\"6271ef4\" data-element_type=\"column\">\n\t\t\t<div class=\"elementor-widget-wrap elementor-element-populated\">\n\t\t\t\t\t\t\t\t<div class=\"elementor-element elementor-element-8b46cb7 elementor-widget elementor-widget-heading\" data-id=\"8b46cb7\" data-element_type=\"widget\" data-widget_type=\"heading.default\">\n\t\t\t\t<div class=\"elementor-widget-container\">\n\t\t\t<style>\/*! elementor - v3.6.5 - 27-04-2022 *\/\n.elementor-heading-title{padding:0;margin:0;line-height:1}.elementor-widget-heading .elementor-heading-title[class*=elementor-size-]>a{color:inherit;font-size:inherit;line-height:inherit}.elementor-widget-heading .elementor-heading-title.elementor-size-small{font-size:15px}.elementor-widget-heading .elementor-heading-title.elementor-size-medium{font-size:19px}.elementor-widget-heading .elementor-heading-title.elementor-size-large{font-size:29px}.elementor-widget-heading .elementor-heading-title.elementor-size-xl{font-size:39px}.elementor-widget-heading .elementor-heading-title.elementor-size-xxl{font-size:59px}<\/style><h2 class=\"elementor-heading-title elementor-size-default\">Curiosidades <\/h2>\t\t<\/div>\n\t\t\t\t<\/div>\n\t\t\t\t\t<\/div>\n\t\t<\/div>\n\t\t\t\t\t\t\t<\/div>\n\t\t<\/section>\n\t\t\t\t<section class=\"elementor-section elementor-top-section elementor-element elementor-element-93ff217 elementor-section-boxed elementor-section-height-default elementor-section-height-default\" data-id=\"93ff217\" data-element_type=\"section\">\n\t\t\t\t\t\t<div class=\"elementor-container elementor-column-gap-default\">\n\t\t\t\t\t<div class=\"elementor-column elementor-col-100 elementor-top-column elementor-element elementor-element-3d63263\" data-id=\"3d63263\" data-element_type=\"column\">\n\t\t\t<div class=\"elementor-widget-wrap elementor-element-populated\">\n\t\t\t\t\t\t\t\t\t<\/div>\n\t\t<\/div>\n\t\t\t\t\t\t\t<\/div>\n\t\t<\/section>\n\t\t\t\t<section class=\"elementor-section elementor-top-section elementor-element elementor-element-1a8a5c0 elementor-section-boxed elementor-section-height-default elementor-section-height-default\" data-id=\"1a8a5c0\" data-element_type=\"section\">\n\t\t\t\t\t\t<div class=\"elementor-container elementor-column-gap-default\">\n\t\t\t\t\t<div class=\"elementor-column elementor-col-50 elementor-top-column elementor-element elementor-element-395c66a\" data-id=\"395c66a\" data-element_type=\"column\">\n\t\t\t<div class=\"elementor-widget-wrap elementor-element-populated\">\n\t\t\t\t\t\t\t\t<div class=\"elementor-element elementor-element-87a3fcb elementor-widget elementor-widget-image\" data-id=\"87a3fcb\" data-element_type=\"widget\" data-widget_type=\"image.default\">\n\t\t\t\t<div class=\"elementor-widget-container\">\n\t\t\t<style>\/*! elementor - v3.6.5 - 27-04-2022 *\/\n.elementor-widget-image{text-align:center}.elementor-widget-image a{display:inline-block}.elementor-widget-image a img[src$=\".svg\"]{width:48px}.elementor-widget-image img{vertical-align:middle;display:inline-block}<\/style>\t\t\t\t\t\t\t\t\t\t\t\t<img width=\"594\" height=\"389\" src=\"https:\/\/universan.es\/wp-content\/uploads\/2025\/10\/diamon1.jpg\" class=\"attachment-large size-large\" alt=\"\" loading=\"lazy\" srcset=\"https:\/\/universan.es\/wp-content\/uploads\/2025\/10\/diamon1.jpg 594w, https:\/\/universan.es\/wp-content\/uploads\/2025\/10\/diamon1-300x196.jpg 300w\" sizes=\"(max-width: 594px) 100vw, 594px\" \/>\t\t\t\t\t\t\t\t\t\t\t\t\t\t\t<\/div>\n\t\t\t\t<\/div>\n\t\t\t\t\t<\/div>\n\t\t<\/div>\n\t\t\t\t<div class=\"elementor-column elementor-col-50 elementor-top-column elementor-element elementor-element-c4765fc\" data-id=\"c4765fc\" data-element_type=\"column\">\n\t\t\t<div class=\"elementor-widget-wrap elementor-element-populated\">\n\t\t\t\t\t\t\t\t<div class=\"elementor-element elementor-element-2020b8b elementor-widget elementor-widget-text-editor\" data-id=\"2020b8b\" data-element_type=\"widget\" data-widget_type=\"text-editor.default\">\n\t\t\t\t<div class=\"elementor-widget-container\">\n\t\t\t<style>\/*! elementor - v3.6.5 - 27-04-2022 *\/\n.elementor-widget-text-editor.elementor-drop-cap-view-stacked .elementor-drop-cap{background-color:#818a91;color:#fff}.elementor-widget-text-editor.elementor-drop-cap-view-framed .elementor-drop-cap{color:#818a91;border:3px solid;background-color:transparent}.elementor-widget-text-editor:not(.elementor-drop-cap-view-default) .elementor-drop-cap{margin-top:8px}.elementor-widget-text-editor:not(.elementor-drop-cap-view-default) .elementor-drop-cap-letter{width:1em;height:1em}.elementor-widget-text-editor .elementor-drop-cap{float:left;text-align:center;line-height:1;font-size:50px}.elementor-widget-text-editor .elementor-drop-cap-letter{display:inline-block}<\/style>\t\t\t\t<h2 style=\"color: #000000; font-family: system-ui, -apple-system, 'Segoe UI', Roboto, Arial, sans-serif; text-align: left;\">Emisi\u00f3n en directo 24h<\/h2>\n<h2 style=\"color: #000000; font-family: system-ui, -apple-system, 'Segoe UI', Roboto, Arial, sans-serif;\">Los huevos eclosionaran&nbsp;&nbsp;<\/h2>\n<h2 style=\"color: #000000; font-family: system-ui, -apple-system, 'Segoe UI', Roboto, Arial, sans-serif;\"><b>29-31 Octubre 2025<\/b><\/h2>\t\t\t\t\t\t<\/div>\n\t\t\t\t<\/div>\n\t\t\t\t\t<\/div>\n\t\t<\/div>\n\t\t\t\t\t\t\t<\/div>\n\t\t<\/section>\n\t\t\t\t<section class=\"elementor-section elementor-top-section elementor-element elementor-element-007748e elementor-section-boxed elementor-section-height-default elementor-section-height-default\" data-id=\"007748e\" data-element_type=\"section\">\n\t\t\t\t\t\t<div class=\"elementor-container elementor-column-gap-default\">\n\t\t\t\t\t<div class=\"elementor-column elementor-col-100 elementor-top-column elementor-element elementor-element-65dce25\" data-id=\"65dce25\" data-element_type=\"column\">\n\t\t\t<div class=\"elementor-widget-wrap elementor-element-populated\">\n\t\t\t\t\t\t\t\t<div class=\"elementor-element elementor-element-605312c elementor-widget elementor-widget-html\" data-id=\"605312c\" data-element_type=\"widget\" data-widget_type=\"html.default\">\n\t\t\t\t<div class=\"elementor-widget-container\">\n\t\t\t<iframe src=\"https:\/\/www.youtube.com\/embed\/yv2RtoIMNzA\"\r\n        title=\"Box Camera - FalconCam Project LIVE\"\r\n        width=\"800\"\r\n        height=\"600\"\r\n        loading=\"lazy\"\r\n        allow=\"accelerometer; autoplay; clipboard-write; encrypted-media; gyroscope; picture-in-picture; web-share\"\r\n        referrerpolicy=\"strict-origin-when-cross-origin\"\r\n        allowfullscreen>\r\n<\/iframe>\t\t<\/div>\n\t\t\t\t<\/div>\n\t\t\t\t\t<\/div>\n\t\t<\/div>\n\t\t\t\t\t\t\t<\/div>\n\t\t<\/section>\n\t\t\t\t<section class=\"elementor-section elementor-top-section elementor-element elementor-element-cb700ec elementor-section-boxed elementor-section-height-default elementor-section-height-default\" data-id=\"cb700ec\" data-element_type=\"section\">\n\t\t\t\t\t\t<div class=\"elementor-container elementor-column-gap-default\">\n\t\t\t\t\t<div class=\"elementor-column elementor-col-100 elementor-top-column elementor-element elementor-element-1cde1d7\" data-id=\"1cde1d7\" data-element_type=\"column\">\n\t\t\t<div class=\"elementor-widget-wrap elementor-element-populated\">\n\t\t\t\t\t\t\t\t<div class=\"elementor-element elementor-element-f8e9b29 elementor-widget elementor-widget-text-editor\" data-id=\"f8e9b29\" data-element_type=\"widget\" data-widget_type=\"text-editor.default\">\n\t\t\t\t<div class=\"elementor-widget-container\">\n\t\t\t\t\t\t\tEl nido es el hogar de una pareja de halcones peregrinos. La hembra, llamada\u00a0<strong>Diamond<\/strong>, reside en el lugar desde 2015.\u00a0Su actual compa\u00f1ero es un macho m\u00e1s joven llamado\u00a0<strong>Gimbir<\/strong>.\u00a0La comunidad online sigue con atenci\u00f3n sus interacciones, desde los rituales de cortejo y la puesta de huevos, hasta la eclosi\u00f3n y el crecimiento de los polluelos.\n\n<br>Orange, NSW<\/span><\/strong><span class=\"ng-star-inserted\">\u00a0&#8211; En lo alto de una torre de agua en el campus de la Universidad Charles Sturt (CSU) en Orange, Nueva Gales del Sur, se desarrolla a diario un fascinante espect\u00e1culo de la naturaleza, transmitido al mundo gracias al innovador\u00a0<\/span><strong class=\"ng-star-inserted\"><span class=\"ng-star-inserted\">Proyecto FalconCam<\/span><\/strong><span class=\"ng-star-inserted\">. Esta iniciativa de investigaci\u00f3n y divulgaci\u00f3n ofrece una visi\u00f3n \u00edntima y sin precedentes de la vida de una familia de halcones peregrinos, contribuyendo a la ciencia y a la educaci\u00f3n ambiental a nivel global.<\/span>\n\n(Como estan en Australia la hora ideal para observarlos es en su amanecer , a partir de las\u00a0 21 horas en\u00a0 espa\u00f1a)\n\n&nbsp;\t\t\t\t\t\t<\/div>\n\t\t\t\t<\/div>\n\t\t\t\t\t<\/div>\n\t\t<\/div>\n\t\t\t\t\t\t\t<\/div>\n\t\t<\/section>\n\t\t\t\t\t\t\t<\/div>\n\t\t","protected":false},"excerpt":{"rendered":"<p>Curiosidades Emisi\u00f3n en directo 24h Los huevos eclosionaran&nbsp;&nbsp; 29-31 Octubre 2025 El nido es el hogar de una pareja de halcones peregrinos. La hembra, llamada\u00a0Diamond,&hellip;<\/p>\n","protected":false},"author":1,"featured_media":0,"parent":0,"menu_order":0,"comment_status":"closed","ping_status":"closed","template":"","meta":[],"_links":{"self":[{"href":"https:\/\/universan.es\/index.php\/wp-json\/wp\/v2\/pages\/3031"}],"collection":[{"href":"https:\/\/universan.es\/index.php\/wp-json\/wp\/v2\/pages"}],"about":[{"href":"https:\/\/universan.es\/index.php\/wp-json\/wp\/v2\/types\/page"}],"author":[{"embeddable":true,"href":"https:\/\/universan.es\/index.php\/wp-json\/wp\/v2\/users\/1"}],"replies":[{"embeddable":true,"href":"https:\/\/universan.es\/index.php\/wp-json\/wp\/v2\/comments?post=3031"}],"version-history":[{"count":40,"href":"https:\/\/universan.es\/index.php\/wp-json\/wp\/v2\/pages\/3031\/revisions"}],"predecessor-version":[{"id":3073,"href":"https:\/\/universan.es\/index.php\/wp-json\/wp\/v2\/pages\/3031\/revisions\/3073"}],"wp:attachment":[{"href":"https:\/\/universan.es\/index.php\/wp-json\/wp\/v2\/media?parent=3031"}],"curies":[{"name":"wp","href":"https:\/\/api.w.org\/{rel}","templated":true}]}}